{"id":8366,"date":"2024-06-11T17:44:20","date_gmt":"2024-06-11T17:44:20","guid":{"rendered":"https:\/\/wellness.thathappyhealth.com\/product\/diete-smoothie-humbje-e-peshes-shendetshme-dhe-e-perhershme-me-recetat-e-duhura-te-smoothie-ve\/"},"modified":"2024-06-24T11:14:42","modified_gmt":"2024-06-24T11:14:42","slug":"diete-smoothie-humbje-e-peshes-shendetshme-dhe-e-perhershme-me-recetat-e-duhura-te-smoothie-ve","status":"publish","type":"product","link":"https:\/\/wellness.thathappyhealth.com\/en\/product\/diete-smoothie-humbje-e-peshes-shendetshme-dhe-e-perhershme-me-recetat-e-duhura-te-smoothie-ve\/","title":{"rendered":"Diet\u00eb Smoothie &#8211; Humbje e pesh\u00ebs sh\u00ebndetshme dhe e p\u00ebrhershme me recetat e duhura t\u00eb smoothie-ve nga dietologe Vildan Ademay"},"content":{"rendered":"","protected":false},"excerpt":{"rendered":"","protected":false},"featured_media":8153,"comment_status":"open","ping_status":"closed","template":"","meta":[],"product_cat":[15],"product_tag":[],"_links":{"self":[{"href":"https:\/\/wellness.thathappyhealth.com\/en\/wp-json\/wp\/v2\/product\/8366"}],"collection":[{"href":"https:\/\/wellness.thathappyhealth.com\/en\/wp-json\/wp\/v2\/product"}],"about":[{"href":"https:\/\/wellness.thathappyhealth.com\/en\/wp-json\/wp\/v2\/types\/product"}],"replies":[{"embeddable":true,"href":"https:\/\/wellness.thathappyhealth.com\/en\/wp-json\/wp\/v2\/comments?post=8366"}],"version-history":[{"count":1,"href":"https:\/\/wellness.thathappyhealth.com\/en\/wp-json\/wp\/v2\/product\/8366\/revisions"}],"predecessor-version":[{"id":8775,"href":"https:\/\/wellness.thathappyhealth.com\/en\/wp-json\/wp\/v2\/product\/8366\/revisions\/8775"}],"wp:featuredmedia":[{"embeddable":true,"href":"https:\/\/wellness.thathappyhealth.com\/en\/wp-json\/wp\/v2\/media\/8153"}],"wp:attachment":[{"href":"https:\/\/wellness.thathappyhealth.com\/en\/wp-json\/wp\/v2\/media?parent=8366"}],"wp:term":[{"taxonomy":"product_cat","embeddable":true,"href":"https:\/\/wellness.thathappyhealth.com\/en\/wp-json\/wp\/v2\/product_cat?post=8366"},{"taxonomy":"product_tag","embeddable":true,"href":"https:\/\/wellness.thathappyhealth.com\/en\/wp-json\/wp\/v2\/product_tag?post=8366"}],"curies":[{"name":"wp","href":"https:\/\/api.w.org\/{rel}","templated":true}]}}