{"id":8159,"date":"2024-06-09T11:33:09","date_gmt":"2024-06-09T11:33:09","guid":{"rendered":"https:\/\/wellness.thathappyhealth.com\/product\/10-dite-diete-per-shpejtesimin-dhe-rregullimin-e-metabolizmit-dhe-hormonave\/"},"modified":"2024-06-24T11:15:09","modified_gmt":"2024-06-24T11:15:09","slug":"10-dite-diete-per-shpejtesimin-dhe-rregullimin-e-metabolizmit-dhe-hormonave","status":"publish","type":"product","link":"https:\/\/wellness.thathappyhealth.com\/en\/product\/10-dite-diete-per-shpejtesimin-dhe-rregullimin-e-metabolizmit-dhe-hormonave\/","title":{"rendered":"10 dit\u00eb diet\u00eb p\u00ebr shpejt\u00ebsimin dhe rregullimin e metabolizmit dhe hormonave nga dietologe Vildan Ademay"},"content":{"rendered":"","protected":false},"excerpt":{"rendered":"","protected":false},"featured_media":8153,"comment_status":"open","ping_status":"closed","template":"","meta":[],"product_cat":[15],"product_tag":[],"_links":{"self":[{"href":"https:\/\/wellness.thathappyhealth.com\/en\/wp-json\/wp\/v2\/product\/8159"}],"collection":[{"href":"https:\/\/wellness.thathappyhealth.com\/en\/wp-json\/wp\/v2\/product"}],"about":[{"href":"https:\/\/wellness.thathappyhealth.com\/en\/wp-json\/wp\/v2\/types\/product"}],"replies":[{"embeddable":true,"href":"https:\/\/wellness.thathappyhealth.com\/en\/wp-json\/wp\/v2\/comments?post=8159"}],"version-history":[{"count":1,"href":"https:\/\/wellness.thathappyhealth.com\/en\/wp-json\/wp\/v2\/product\/8159\/revisions"}],"predecessor-version":[{"id":8777,"href":"https:\/\/wellness.thathappyhealth.com\/en\/wp-json\/wp\/v2\/product\/8159\/revisions\/8777"}],"wp:featuredmedia":[{"embeddable":true,"href":"https:\/\/wellness.thathappyhealth.com\/en\/wp-json\/wp\/v2\/media\/8153"}],"wp:attachment":[{"href":"https:\/\/wellness.thathappyhealth.com\/en\/wp-json\/wp\/v2\/media?parent=8159"}],"wp:term":[{"taxonomy":"product_cat","embeddable":true,"href":"https:\/\/wellness.thathappyhealth.com\/en\/wp-json\/wp\/v2\/product_cat?post=8159"},{"taxonomy":"product_tag","embeddable":true,"href":"https:\/\/wellness.thathappyhealth.com\/en\/wp-json\/wp\/v2\/product_tag?post=8159"}],"curies":[{"name":"wp","href":"https:\/\/api.w.org\/{rel}","templated":true}]}}