{"id":7999,"date":"2024-06-08T19:24:54","date_gmt":"2024-06-08T19:24:54","guid":{"rendered":"https:\/\/wellness.thathappyhealth.com\/product\/agjerim-me-nderprerje-pershpejtim-te-djeges-se-yndyres\/"},"modified":"2024-06-24T11:15:54","modified_gmt":"2024-06-24T11:15:54","slug":"agjerim-me-nderprerje-pershpejtim-te-djeges-se-yndyres","status":"publish","type":"product","link":"https:\/\/wellness.thathappyhealth.com\/en\/product\/agjerim-me-nderprerje-pershpejtim-te-djeges-se-yndyres\/","title":{"rendered":"Agjerim me nd\u00ebrprerje p\u00ebrshpejtim t\u00eb djegj\u00ebs s\u00eb yndyr\u00ebs nga dietologe Vildan Ademay"},"content":{"rendered":"","protected":false},"excerpt":{"rendered":"","protected":false},"featured_media":7997,"comment_status":"open","ping_status":"closed","template":"","meta":[],"product_cat":[15],"product_tag":[],"_links":{"self":[{"href":"https:\/\/wellness.thathappyhealth.com\/en\/wp-json\/wp\/v2\/product\/7999"}],"collection":[{"href":"https:\/\/wellness.thathappyhealth.com\/en\/wp-json\/wp\/v2\/product"}],"about":[{"href":"https:\/\/wellness.thathappyhealth.com\/en\/wp-json\/wp\/v2\/types\/product"}],"replies":[{"embeddable":true,"href":"https:\/\/wellness.thathappyhealth.com\/en\/wp-json\/wp\/v2\/comments?post=7999"}],"version-history":[{"count":2,"href":"https:\/\/wellness.thathappyhealth.com\/en\/wp-json\/wp\/v2\/product\/7999\/revisions"}],"predecessor-version":[{"id":8781,"href":"https:\/\/wellness.thathappyhealth.com\/en\/wp-json\/wp\/v2\/product\/7999\/revisions\/8781"}],"wp:featuredmedia":[{"embeddable":true,"href":"https:\/\/wellness.thathappyhealth.com\/en\/wp-json\/wp\/v2\/media\/7997"}],"wp:attachment":[{"href":"https:\/\/wellness.thathappyhealth.com\/en\/wp-json\/wp\/v2\/media?parent=7999"}],"wp:term":[{"taxonomy":"product_cat","embeddable":true,"href":"https:\/\/wellness.thathappyhealth.com\/en\/wp-json\/wp\/v2\/product_cat?post=7999"},{"taxonomy":"product_tag","embeddable":true,"href":"https:\/\/wellness.thathappyhealth.com\/en\/wp-json\/wp\/v2\/product_tag?post=7999"}],"curies":[{"name":"wp","href":"https:\/\/api.w.org\/{rel}","templated":true}]}}