{"id":7766,"date":"2024-06-05T17:19:19","date_gmt":"2024-06-05T17:19:19","guid":{"rendered":"https:\/\/wellness.thathappyhealth.com\/product\/veprojme-qe-te-behemi\/"},"modified":"2024-06-24T11:16:30","modified_gmt":"2024-06-24T11:16:30","slug":"veprojme-qe-te-behemi","status":"publish","type":"product","link":"https:\/\/wellness.thathappyhealth.com\/en\/product\/veprojme-qe-te-behemi\/","title":{"rendered":"Veprojm\u00eb q\u00eb t\u00eb b\u00ebhemi nga Mentore e shendetit Dafina Fazliu"},"content":{"rendered":"","protected":false},"excerpt":{"rendered":"","protected":false},"featured_media":7723,"comment_status":"open","ping_status":"closed","template":"","meta":[],"product_cat":[15],"product_tag":[],"_links":{"self":[{"href":"https:\/\/wellness.thathappyhealth.com\/en\/wp-json\/wp\/v2\/product\/7766"}],"collection":[{"href":"https:\/\/wellness.thathappyhealth.com\/en\/wp-json\/wp\/v2\/product"}],"about":[{"href":"https:\/\/wellness.thathappyhealth.com\/en\/wp-json\/wp\/v2\/types\/product"}],"replies":[{"embeddable":true,"href":"https:\/\/wellness.thathappyhealth.com\/en\/wp-json\/wp\/v2\/comments?post=7766"}],"version-history":[{"count":3,"href":"https:\/\/wellness.thathappyhealth.com\/en\/wp-json\/wp\/v2\/product\/7766\/revisions"}],"predecessor-version":[{"id":8783,"href":"https:\/\/wellness.thathappyhealth.com\/en\/wp-json\/wp\/v2\/product\/7766\/revisions\/8783"}],"wp:featuredmedia":[{"embeddable":true,"href":"https:\/\/wellness.thathappyhealth.com\/en\/wp-json\/wp\/v2\/media\/7723"}],"wp:attachment":[{"href":"https:\/\/wellness.thathappyhealth.com\/en\/wp-json\/wp\/v2\/media?parent=7766"}],"wp:term":[{"taxonomy":"product_cat","embeddable":true,"href":"https:\/\/wellness.thathappyhealth.com\/en\/wp-json\/wp\/v2\/product_cat?post=7766"},{"taxonomy":"product_tag","embeddable":true,"href":"https:\/\/wellness.thathappyhealth.com\/en\/wp-json\/wp\/v2\/product_tag?post=7766"}],"curies":[{"name":"wp","href":"https:\/\/api.w.org\/{rel}","templated":true}]}}