{"id":8205,"date":"2024-06-10T18:00:13","date_gmt":"2024-06-10T18:00:13","guid":{"rendered":"https:\/\/wellness.thathappyhealth.com\/cart\/"},"modified":"2024-06-10T18:00:13","modified_gmt":"2024-06-10T18:00:13","slug":"cart","status":"publish","type":"page","link":"https:\/\/wellness.thathappyhealth.com\/en\/cart\/","title":{"rendered":"Cart"},"content":{"rendered":"<div data-block-name=\"woocommerce\/cart\" class=\"wp-block-woocommerce-cart alignwide is-loading\">\n<div data-block-name=\"woocommerce\/filled-cart-block\" class=\"wp-block-woocommerce-filled-cart-block\">\n<div data-block-name=\"woocommerce\/cart-items-block\" class=\"wp-block-woocommerce-cart-items-block\">\n<div data-block-name=\"woocommerce\/cart-line-items-block\" class=\"wp-block-woocommerce-cart-line-items-block\"><\/div>\n<div data-block-name=\"woocommerce\/cart-cross-sells-block\" class=\"wp-block-woocommerce-cart-cross-sells-block\">\n<h2 class=\"wp-block-heading has-large-font-size\">You may be interested in\u2026<\/h2>\n<div data-block-name=\"woocommerce\/cart-cross-sells-products-block\" class=\"wp-block-woocommerce-cart-cross-sells-products-block\"><\/div>\n<\/div>\n<\/div>\n<div data-block-name=\"woocommerce\/cart-totals-block\" class=\"wp-block-woocommerce-cart-totals-block\">\n<div data-block-name=\"woocommerce\/cart-order-summary-block\" class=\"wp-block-woocommerce-cart-order-summary-block\">\n<div data-block-name=\"woocommerce\/cart-order-summary-heading-block\" class=\"wp-block-woocommerce-cart-order-summary-heading-block\"><\/div>\n<div data-block-name=\"woocommerce\/cart-order-summary-coupon-form-block\" class=\"wp-block-woocommerce-cart-order-summary-coupon-form-block\"><\/div>\n<div data-block-name=\"woocommerce\/cart-order-summary-totals-block\" class=\"wp-block-woocommerce-cart-order-summary-totals-block\">\n<div data-block-name=\"woocommerce\/cart-order-summary-subtotal-block\" class=\"wp-block-woocommerce-cart-order-summary-subtotal-block\"><\/div>\n<div data-block-name=\"woocommerce\/cart-order-summary-discount-block\" class=\"wp-block-woocommerce-cart-order-summary-discount-block\"><\/div>\n<div data-block-name=\"woocommerce\/cart-order-summary-fee-block\" class=\"wp-block-woocommerce-cart-order-summary-fee-block\"><\/div>\n<div data-block-name=\"woocommerce\/cart-order-summary-shipping-block\" class=\"wp-block-woocommerce-cart-order-summary-shipping-block\"><\/div>\n<div data-block-name=\"woocommerce\/cart-order-summary-taxes-block\" class=\"wp-block-woocommerce-cart-order-summary-taxes-block\"><\/div>\n<\/div>\n<\/div>\n<div data-block-name=\"woocommerce\/cart-express-payment-block\" class=\"wp-block-woocommerce-cart-express-payment-block\"><\/div>\n<div data-block-name=\"woocommerce\/proceed-to-checkout-block\" class=\"wp-block-woocommerce-proceed-to-checkout-block\"><\/div>\n<div data-block-name=\"woocommerce\/cart-accepted-payment-methods-block\" class=\"wp-block-woocommerce-cart-accepted-payment-methods-block\"><\/div>\n<\/div>\n<\/div>\n<div data-block-name=\"woocommerce\/empty-cart-block\" class=\"wp-block-woocommerce-empty-cart-block\">\n<h2 class=\"wp-block-heading has-text-align-center with-empty-cart-icon wc-block-cart__empty-cart__title\">Your cart is currently empty!<\/h2>\n<hr class=\"wp-block-separator has-alpha-channel-opacity is-style-dots\"\/>\n<h2 class=\"wp-block-heading has-text-align-center\">New in store<\/h2>\n<div data-block-name=\"woocommerce\/product-new\" data-columns=\"4\" data-rows=\"1\" class=\"wc-block-grid wp-block-product-new wc-block-product-new has-4-columns\">\n<ul class=\"wc-block-grid__products\">\n<li class=\"wc-block-grid__product\">\n\t\t\t\t<a href=\"https:\/\/wellness.thathappyhealth.com\/en\/product\/munde-mendjen-dhe-kontrollo-peshen-vet-best-seller\/\" class=\"wc-block-grid__product-link\"><\/p>\n<div class=\"wc-block-grid__product-onsale\">\n\t\t\t<span aria-hidden=\"true\" data-no-translation=\"\" data-trp-gettext=\"\">Sale<\/span><br \/>\n\t\t\t<span class=\"screen-reader-text\" data-no-translation=\"\" data-trp-gettext=\"\">Product on sale<\/span>\n\t\t<\/div>\n<div class=\"wc-block-grid__product-image\"><img fetchpriority=\"high\" decoding=\"async\" width=\"225\" height=\"224\" src=\"https:\/\/wellness.thathappyhealth.com\/wp-content\/uploads\/2024\/06\/images-2.jpeg\" class=\"attachment-woocommerce_thumbnail size-woocommerce_thumbnail\" alt=\"Munde Mendjen dhe kontrollo peshen vet!!! BEST SELLER nga Mentore e shendetit Dafina Fazliu\" srcset=\"https:\/\/wellness.thathappyhealth.com\/wp-content\/uploads\/2024\/06\/images-2.jpeg 225w, https:\/\/wellness.thathappyhealth.com\/wp-content\/uploads\/2024\/06\/images-2-150x150.jpeg 150w, https:\/\/wellness.thathappyhealth.com\/wp-content\/uploads\/2024\/06\/images-2-12x12.jpeg 12w, https:\/\/wellness.thathappyhealth.com\/wp-content\/uploads\/2024\/06\/images-2-50x50.jpeg 50w, https:\/\/wellness.thathappyhealth.com\/wp-content\/uploads\/2024\/06\/images-2-100x100.jpeg 100w\" sizes=\"(max-width: 225px) 100vw, 225px\" \/><\/div>\n<div class=\"wc-block-grid__product-title\">Munde Mendjen dhe kontrollo peshen vet!!! BEST SELLER nga Mentore e shendetit Dafina Fazliu<\/div>\n<p>\t\t\t\t<\/a><\/p>\n<div class=\"wc-block-grid__product-price price\"><del aria-hidden=\"true\"><span class=\"woocommerce-Price-amount amount\"><span class=\"woocommerce-Price-currencySymbol\">&euro;<\/span>25.00<\/span><\/del> <span class=\"screen-reader-text\" data-no-translation=\"\" data-trp-gettext=\"\">Original price was: &euro;25.00.<\/span><ins aria-hidden=\"true\"><span class=\"woocommerce-Price-amount amount\"><span class=\"woocommerce-Price-currencySymbol\">&euro;<\/span>14.99<\/span><\/ins><span class=\"screen-reader-text\" data-no-translation=\"\" data-trp-gettext=\"\">Current price is: &euro;14.99.<\/span><\/div>\n<div class=\"wp-block-button wc-block-grid__product-add-to-cart\"><a href=\"?add-to-cart=8748\" aria-label=\"Add to cart: \u201cMunde Mendjen dhe kontrollo peshen vet!!! BEST SELLER nga Mentore e shendetit Dafina Fazliu\u201d\" data-quantity=\"1\" data-product_id=\"8748\" data-product_sku=\"\" data-price=\"14.99\" rel=\"nofollow\" class=\"wp-block-button__link  add_to_cart_button ajax_add_to_cart\" data-no-translation=\"\" data-trp-gettext=\"\" data-no-translation-aria-label=\"\">Add to cart<\/a><\/div>\n<\/li>\n<li class=\"wc-block-grid__product\">\n\t\t\t\t<a href=\"https:\/\/wellness.thathappyhealth.com\/en\/product\/diete-smoothie-humbje-e-peshes-shendetshme-dhe-e-perhershme-me-recetat-e-duhura-te-smoothie-ve\/\" class=\"wc-block-grid__product-link\"><\/p>\n<div class=\"wc-block-grid__product-onsale\">\n\t\t\t<span aria-hidden=\"true\" data-no-translation=\"\" data-trp-gettext=\"\">Sale<\/span><br \/>\n\t\t\t<span class=\"screen-reader-text\" data-no-translation=\"\" data-trp-gettext=\"\">Product on sale<\/span>\n\t\t<\/div>\n<div class=\"wc-block-grid__product-image\"><img decoding=\"async\" width=\"300\" height=\"300\" src=\"https:\/\/wellness.thathappyhealth.com\/wp-content\/uploads\/2024\/06\/banner-1-300x300.jpg\" class=\"attachment-woocommerce_thumbnail size-woocommerce_thumbnail\" alt=\"Diet\u00eb Smoothie - Humbje e pesh\u00ebs sh\u00ebndetshme dhe e p\u00ebrhershme me recetat e duhura t\u00eb smoothie-ve nga dietologe Vildan Ademay\" srcset=\"https:\/\/wellness.thathappyhealth.com\/wp-content\/uploads\/2024\/06\/banner-1-300x300.jpg 300w, https:\/\/wellness.thathappyhealth.com\/wp-content\/uploads\/2024\/06\/banner-1-100x100.jpg 100w, https:\/\/wellness.thathappyhealth.com\/wp-content\/uploads\/2024\/06\/banner-1-600x600.jpg 600w, https:\/\/wellness.thathappyhealth.com\/wp-content\/uploads\/2024\/06\/banner-1-150x150.jpg 150w, https:\/\/wellness.thathappyhealth.com\/wp-content\/uploads\/2024\/06\/banner-1-768x768.jpg 768w, https:\/\/wellness.thathappyhealth.com\/wp-content\/uploads\/2024\/06\/banner-1-50x50.jpg 50w, https:\/\/wellness.thathappyhealth.com\/wp-content\/uploads\/2024\/06\/banner-1.jpg 800w\" sizes=\"(max-width: 300px) 100vw, 300px\" \/><\/div>\n<div class=\"wc-block-grid__product-title\">Diet\u00eb Smoothie &#8211; Humbje e pesh\u00ebs sh\u00ebndetshme dhe e p\u00ebrhershme me recetat e duhura t\u00eb smoothie-ve nga dietologe Vildan Ademay<\/div>\n<p>\t\t\t\t<\/a><\/p>\n<div class=\"wc-block-grid__product-price price\"><del aria-hidden=\"true\"><span class=\"woocommerce-Price-amount amount\"><span class=\"woocommerce-Price-currencySymbol\">&euro;<\/span>30.00<\/span><\/del> <span class=\"screen-reader-text\" data-no-translation=\"\" data-trp-gettext=\"\">Original price was: &euro;30.00.<\/span><ins aria-hidden=\"true\"><span class=\"woocommerce-Price-amount amount\"><span class=\"woocommerce-Price-currencySymbol\">&euro;<\/span>24.99<\/span><\/ins><span class=\"screen-reader-text\" data-no-translation=\"\" data-trp-gettext=\"\">Current price is: &euro;24.99.<\/span><\/div>\n<div class=\"wp-block-button wc-block-grid__product-add-to-cart\"><a href=\"?add-to-cart=8366\" aria-label=\"Add to cart: \u201cDiet\u00eb Smoothie - Humbje e pesh\u00ebs sh\u00ebndetshme dhe e p\u00ebrhershme me recetat e duhura t\u00eb smoothie-ve nga dietologe Vildan Ademay\u201d\" data-quantity=\"1\" data-product_id=\"8366\" data-product_sku=\"\" data-price=\"24.99\" rel=\"nofollow\" class=\"wp-block-button__link  add_to_cart_button ajax_add_to_cart\" data-no-translation=\"\" data-trp-gettext=\"\" data-no-translation-aria-label=\"\">Add to cart<\/a><\/div>\n<\/li>\n<li class=\"wc-block-grid__product\">\n\t\t\t\t<a href=\"https:\/\/wellness.thathappyhealth.com\/en\/product\/10-dite-diete-per-shpejtesimin-dhe-rregullimin-e-metabolizmit-dhe-hormonave\/\" class=\"wc-block-grid__product-link\"><\/p>\n<div class=\"wc-block-grid__product-onsale\">\n\t\t\t<span aria-hidden=\"true\" data-no-translation=\"\" data-trp-gettext=\"\">Sale<\/span><br \/>\n\t\t\t<span class=\"screen-reader-text\" data-no-translation=\"\" data-trp-gettext=\"\">Product on sale<\/span>\n\t\t<\/div>\n<div class=\"wc-block-grid__product-image\"><img decoding=\"async\" width=\"300\" height=\"300\" src=\"https:\/\/wellness.thathappyhealth.com\/wp-content\/uploads\/2024\/06\/banner-1-300x300.jpg\" class=\"attachment-woocommerce_thumbnail size-woocommerce_thumbnail\" alt=\"10 dit\u00eb diet\u00eb p\u00ebr shpejt\u00ebsimin dhe rregullimin e metabolizmit dhe hormonave nga dietologe Vildan Ademay\" srcset=\"https:\/\/wellness.thathappyhealth.com\/wp-content\/uploads\/2024\/06\/banner-1-300x300.jpg 300w, https:\/\/wellness.thathappyhealth.com\/wp-content\/uploads\/2024\/06\/banner-1-100x100.jpg 100w, https:\/\/wellness.thathappyhealth.com\/wp-content\/uploads\/2024\/06\/banner-1-600x600.jpg 600w, https:\/\/wellness.thathappyhealth.com\/wp-content\/uploads\/2024\/06\/banner-1-150x150.jpg 150w, https:\/\/wellness.thathappyhealth.com\/wp-content\/uploads\/2024\/06\/banner-1-768x768.jpg 768w, https:\/\/wellness.thathappyhealth.com\/wp-content\/uploads\/2024\/06\/banner-1-50x50.jpg 50w, https:\/\/wellness.thathappyhealth.com\/wp-content\/uploads\/2024\/06\/banner-1.jpg 800w\" sizes=\"(max-width: 300px) 100vw, 300px\" \/><\/div>\n<div class=\"wc-block-grid__product-title\">10 dit\u00eb diet\u00eb p\u00ebr shpejt\u00ebsimin dhe rregullimin e metabolizmit dhe hormonave nga dietologe Vildan Ademay<\/div>\n<p>\t\t\t\t<\/a><\/p>\n<div class=\"wc-block-grid__product-price price\"><del aria-hidden=\"true\"><span class=\"woocommerce-Price-amount amount\"><span class=\"woocommerce-Price-currencySymbol\">&euro;<\/span>29.49<\/span><\/del> <span class=\"screen-reader-text\" data-no-translation=\"\" data-trp-gettext=\"\">Original price was: &euro;29.49.<\/span><ins aria-hidden=\"true\"><span class=\"woocommerce-Price-amount amount\"><span class=\"woocommerce-Price-currencySymbol\">&euro;<\/span>25.00<\/span><\/ins><span class=\"screen-reader-text\" data-no-translation=\"\" data-trp-gettext=\"\">Current price is: &euro;25.00.<\/span><\/div>\n<div class=\"wp-block-button wc-block-grid__product-add-to-cart\"><a href=\"?add-to-cart=8159\" aria-label=\"Add to cart: \u201c10 dit\u00eb diet\u00eb p\u00ebr shpejt\u00ebsimin dhe rregullimin e metabolizmit dhe hormonave nga dietologe Vildan Ademay\u201d\" data-quantity=\"1\" data-product_id=\"8159\" data-product_sku=\"\" data-price=\"25\" rel=\"nofollow\" class=\"wp-block-button__link  add_to_cart_button ajax_add_to_cart\" data-no-translation=\"\" data-trp-gettext=\"\" data-no-translation-aria-label=\"\">Add to cart<\/a><\/div>\n<\/li>\n<li class=\"wc-block-grid__product\">\n\t\t\t\t<a href=\"https:\/\/wellness.thathappyhealth.com\/en\/product\/programi-i-te-ushqyerit-anti-inflamator-menaxhimi-i-peshes\/\" class=\"wc-block-grid__product-link\"><\/p>\n<div class=\"wc-block-grid__product-onsale\">\n\t\t\t<span aria-hidden=\"true\" data-no-translation=\"\" data-trp-gettext=\"\">Sale<\/span><br \/>\n\t\t\t<span class=\"screen-reader-text\" data-no-translation=\"\" data-trp-gettext=\"\">Product on sale<\/span>\n\t\t<\/div>\n<div class=\"wc-block-grid__product-image\"><img loading=\"lazy\" decoding=\"async\" width=\"300\" height=\"300\" src=\"https:\/\/wellness.thathappyhealth.com\/wp-content\/uploads\/2024\/06\/Program3-300x300.jpg\" class=\"attachment-woocommerce_thumbnail size-woocommerce_thumbnail\" alt=\"Programi i t\u00eb ushqyerit anti-inflamator - Menaxhimi i Pesh\u00ebs nga dietologe Vildan Ademay\" srcset=\"https:\/\/wellness.thathappyhealth.com\/wp-content\/uploads\/2024\/06\/Program3-300x300.jpg 300w, https:\/\/wellness.thathappyhealth.com\/wp-content\/uploads\/2024\/06\/Program3-100x100.jpg 100w, https:\/\/wellness.thathappyhealth.com\/wp-content\/uploads\/2024\/06\/Program3-600x600.jpg 600w, https:\/\/wellness.thathappyhealth.com\/wp-content\/uploads\/2024\/06\/Program3-150x150.jpg 150w, https:\/\/wellness.thathappyhealth.com\/wp-content\/uploads\/2024\/06\/Program3-768x768.jpg 768w, https:\/\/wellness.thathappyhealth.com\/wp-content\/uploads\/2024\/06\/Program3-50x50.jpg 50w, https:\/\/wellness.thathappyhealth.com\/wp-content\/uploads\/2024\/06\/Program3.jpg 800w\" sizes=\"(max-width: 300px) 100vw, 300px\" \/><\/div>\n<div class=\"wc-block-grid__product-title\">Programi i t\u00eb ushqyerit anti-inflamator &#8211; Menaxhimi i Pesh\u00ebs nga dietologe Vildan Ademay<\/div>\n<p>\t\t\t\t<\/a><\/p>\n<div class=\"wc-block-grid__product-price price\"><del aria-hidden=\"true\"><span class=\"woocommerce-Price-amount amount\"><span class=\"woocommerce-Price-currencySymbol\">&euro;<\/span>37.99<\/span><\/del> <span class=\"screen-reader-text\" data-no-translation=\"\" data-trp-gettext=\"\">Original price was: &euro;37.99.<\/span><ins aria-hidden=\"true\"><span class=\"woocommerce-Price-amount amount\"><span class=\"woocommerce-Price-currencySymbol\">&euro;<\/span>30.00<\/span><\/ins><span class=\"screen-reader-text\" data-no-translation=\"\" data-trp-gettext=\"\">Current price is: &euro;30.00.<\/span><\/div>\n<div class=\"wp-block-button wc-block-grid__product-add-to-cart\"><a href=\"?add-to-cart=8078\" aria-label=\"Add to cart: \u201cProgrami i t\u00eb ushqyerit anti-inflamator - Menaxhimi i Pesh\u00ebs nga dietologe Vildan Ademay\u201d\" data-quantity=\"1\" data-product_id=\"8078\" data-product_sku=\"\" data-price=\"30\" rel=\"nofollow\" class=\"wp-block-button__link  add_to_cart_button ajax_add_to_cart\" data-no-translation=\"\" data-trp-gettext=\"\" data-no-translation-aria-label=\"\">Add to cart<\/a><\/div>\n<\/li>\n<\/ul>\n<\/div>\n<\/div>\n<\/div>","protected":false},"excerpt":{"rendered":"","protected":false},"author":1,"featured_media":0,"parent":0,"menu_order":0,"comment_status":"closed","ping_status":"closed","template":"","meta":{"footnotes":""},"_links":{"self":[{"href":"https:\/\/wellness.thathappyhealth.com\/en\/wp-json\/wp\/v2\/pages\/8205"}],"collection":[{"href":"https:\/\/wellness.thathappyhealth.com\/en\/wp-json\/wp\/v2\/pages"}],"about":[{"href":"https:\/\/wellness.thathappyhealth.com\/en\/wp-json\/wp\/v2\/types\/page"}],"author":[{"embeddable":true,"href":"https:\/\/wellness.thathappyhealth.com\/en\/wp-json\/wp\/v2\/users\/1"}],"replies":[{"embeddable":true,"href":"https:\/\/wellness.thathappyhealth.com\/en\/wp-json\/wp\/v2\/comments?post=8205"}],"version-history":[{"count":0,"href":"https:\/\/wellness.thathappyhealth.com\/en\/wp-json\/wp\/v2\/pages\/8205\/revisions"}],"wp:attachment":[{"href":"https:\/\/wellness.thathappyhealth.com\/en\/wp-json\/wp\/v2\/media?parent=8205"}],"curies":[{"name":"wp","href":"https:\/\/api.w.org\/{rel}","templated":true}]}}